{"id":941,"date":"2022-08-05T12:16:47","date_gmt":"2022-08-05T09:16:47","guid":{"rendered":"http:\/\/gelenektengelecegebby.karatekin.edu.tr\/?page_id=941"},"modified":"2023-09-04T13:18:18","modified_gmt":"2023-09-04T10:18:18","slug":"hakkinda-2","status":"publish","type":"page","link":"https:\/\/sempozyum2023.karatekin.edu.tr\/?page_id=941","title":{"rendered":"Hakk\u0131nda"},"content":{"rendered":"<h3 class=\"wp-block-site-title\"><a href=\"https:\/\/sempozyum2023.karatekin.edu.tr\" target=\"_self\" rel=\"home\">II. Uluslararas\u0131 Gelenekten Gelece\u011fe Bilgi ve Belge Y\u00f6netimi Sempozyumu<\/a><\/h3>\n\n\n<h4 class=\"wp-block-heading\">Kalk\u0131nmada Veri, Bilgi, Bili\u015fim ve Y\u00f6neti\u015fim<\/h4>\n\n\n\n<p>Bilgi ve Belge Y\u00f6netiminin de\u011ferli ara\u015ft\u0131rmac\u0131lar\u0131, uygulamac\u0131lar\u0131 ve payda\u015flar\u0131,<\/p>\n\n\n\n<p>Cumhuriyetimizin kurulu\u015funun 100. senesini kutlayaca\u011f\u0131m\u0131z ayda, 26-28 Ekim 2023 tarihleri aras\u0131nda \u00c7ank\u0131r\u0131 Karatekin \u00dcniversitesi ev sahipli\u011finde \u00c7ank\u0131r\u0131 Karatekin \u00dcniversitesi Bilgi ve Belge Y\u00f6netimi B\u00f6l\u00fcm\u00fc, Bart\u0131n \u00dcniversitesi Bilgi ve Belge Y\u00f6netimi B\u00f6l\u00fcm\u00fc, Kastamonu \u00dcniversitesi Bilgi ve Belge Y\u00f6netimi B\u00f6l\u00fcm\u00fc i\u015f birli\u011fiyle \u201c<strong><em>2. Uluslararas\u0131 Gelenekten Gelece\u011fe Bilgi ve Belge Y\u00f6netimi Sempozyumu<\/em><\/strong>\u201d d\u00fczenlenecektir.<\/p>\n\n\n\n<p>Sempozyumun temel amac\u0131 bilgi ve belge y\u00f6netimi ara\u015ft\u0131rmac\u0131lar\u0131n\u0131, \u00f6\u011fretim elemanlar\u0131n\u0131, uygulamac\u0131lar\u0131, meslek \u00f6rg\u00fctlerini ve alanla ili\u015fkili t\u00fcm payda\u015flar\u0131 bir araya getirerek bilgi ve belge y\u00f6netimi alan\u0131nda g\u00fcncel konular, sorunlar ve gelecekte yap\u0131lmas\u0131 gerekenlerle ilgili bilgi aktar\u0131m\u0131 ve d\u00fc\u015f\u00fcnce payla\u015f\u0131m\u0131nda bulunulmas\u0131n\u0131 sa\u011flamakt\u0131r.<\/p>\n\n\n\n<p>Y\u00fcz y\u00fcze ve \u00e7evrimi\u00e7i olmak \u00fczere hibrit ger\u00e7ekle\u015ftirilecek olan Sempozyuma, \u201c<strong><em>Kalk\u0131nmada Veri, Bilgi, Bili\u015fim ve Y\u00f6neti\u015fim<\/em><\/strong>\u201d ana temas\u0131 alt\u0131nda bilgi ve belge y\u00f6netiminin t\u00fcm \u00e7al\u0131\u015fma konular\u0131yla ilgili bilgi ve d\u00fc\u015f\u00fcncelerini payla\u015fmak \u00fczere bilim insanlar\u0131n\u0131, ara\u015ft\u0131rmac\u0131lar\u0131, uzmanlar\u0131 ve uygulamac\u0131lar\u0131 \u00f6zg\u00fcn akademik \u00e7al\u0131\u015fmalar\u0131yla katk\u0131 sa\u011flamaya davet ediyoruz.<\/p>\n\n\n\n<p>T\u00fcrk\u00e7e ve \u0130ngilizce bildirilerin yer alaca\u011f\u0131 Sempozyuma, farkl\u0131 \u00fclkelerden bilim insanlar\u0131 ve uygulamac\u0131lar da bilim kurulu \u00fcyeli\u011fi ve bildiri sunmak \u00fczere katk\u0131 sa\u011flayacakt\u0131r. A\u00e7\u0131l\u0131\u015f ve davetli konu\u015fmac\u0131 oturumlar\u0131n\u0131n yer ald\u0131\u011f\u0131 ilk g\u00fcn\u00fcn ard\u0131ndan sempozyum oturumlar\u0131na y\u00fcz y\u00fcze devam edilecektir.<\/p>\n\n\n\n<p>Sempozyumda sunulmak \u00fczere g\u00f6nderilen bildiri \u00f6zetleri, bilim kurulunda yer alan uzmanlar taraf\u0131ndan de\u011ferlendirilecek, kabul edilen ve sunulan bildirilerin tam metinleri Sempozyum Kitab\u0131 olarak yay\u0131nlanacakt\u0131r.<\/p>\n\n\n\n<p>Sempozyumla ilgili daha ayr\u0131nt\u0131l\u0131 bilgi i\u00e7in <a href=\"http:\/\/sempozyum2023.karatekin.edu.tr\">http:\/\/sempozyum2023.karatekin.edu.tr<\/a> adresindeki web sayfas\u0131n\u0131 inceleyebilirsiniz.<\/p>\n\n\n\n<p>\u200bCumhuriyetimizin kurulu\u015funun 100. y\u0131l\u0131nda sizleri Sempozyum i\u00e7in aram\u0131zda g\u00f6rmekten mutluluk duyaca\u011f\u0131m\u0131z\u0131 belirtir, \u00e7al\u0131\u015fmalar\u0131n\u0131zda kolayl\u0131klar ve ba\u015far\u0131lar dileriz.&nbsp;<\/p>\n\n\n\n<p>Sayg\u0131lar\u0131m\u0131zla\u2026<\/p>\n\n\n\n<h4 class=\"wp-block-heading\">Kat\u0131l\u0131m \u015eartlar\u0131 ve Bilgiler<\/h4>\n\n\n\n<ul class=\"wp-block-list\">\n<li>Bir kat\u0131l\u0131mc\u0131 en fazla iki bildiri ile kat\u0131labilir.<\/li>\n\n\n\n<li>Sempozyum kat\u0131l\u0131m\u0131 \u00fccretsizdir.<\/li>\n\n\n\n<li>Sempozyum, yurt i\u00e7i ve d\u0131\u015f\u0131ndan konuyla ilgili uygulamac\u0131, akademisyen ve ara\u015ft\u0131rmac\u0131lar\u0131n kat\u0131l\u0131m\u0131na a\u00e7\u0131kt\u0131r.<\/li>\n\n\n\n<li>Bildiri \u00f6zet ve tam metinleri daha \u00f6nce bir yerde sunulmam\u0131\u015f ve yay\u0131mlanmam\u0131\u015f olmal\u0131d\u0131r.<\/li>\n\n\n\n<li>Sempozyum Ekim 2023&#8217;te ilk g\u00fcn y\u00fcz y\u00fcze sonraki g\u00fcnler \u00e7evrimi\u00e7i oturumlar \u015feklinde yap\u0131lacakt\u0131r.<\/li>\n\n\n\n<li>Sempozyumda sunum yapacak ki\u015finin mutlaka yazar veya ortak yazar olmas\u0131 gerekmektedir. Ba\u015fkas\u0131n\u0131n ad\u0131na bildiri sunulamaz.<\/li>\n\n\n\n<li>Sempozyumda sunum yap\u0131lmad\u0131\u011f\u0131 takdirde kat\u0131l\u0131m belgesi verilmez.<\/li>\n\n\n\n<li>Bildiri \u00f6zet ve metni, yaz\u0131m kurallar\u0131na uygun olarak haz\u0131rlanmal\u0131d\u0131r. Yaz\u0131m kurallar\u0131na uymayan \u00f6zet ve bildiriler de\u011ferlendirmeye al\u0131nmayacakt\u0131r.<\/li>\n\n\n\n<li>Sempozyuma \u00f6zet metinle kat\u0131l\u0131m sa\u011flanamaz. Tam metin g\u00f6nderme zorunlulu\u011fu vard\u0131r.<\/li>\n\n\n\n<li>\u00d6zet ve Tam Metin g\u00f6ndermede sempozyum web sayfas\u0131nda belirtilen tarih ve kurallar esast\u0131r.<\/li>\n\n\n\n<li>Bildiri \u00f6zetleri Sempozyum konular\u0131na, bilimsel \u015fartlara uygunluk ve \u00e7al\u0131\u015fman\u0131n \u00f6zg\u00fcnl\u00fc\u011f\u00fc dikkate al\u0131narak Bilim Kurulu \u00dcyeleri\u2019nce de\u011ferlendirilecektir. Kabul edilen bildiri \u00f6zetleri <a href=\"http:\/\/sempozyum2023.karatekin.edu.tr\/index.php\/takvim\/\" data-type=\"page\" data-id=\"29\">sempozyum takvimi <\/a>dahilinde web sayfas\u0131nda duyurulacakt\u0131r.<\/li>\n\n\n\n<li>Oturumlarda bildiri sunumlar\u0131 i\u00e7in 15 dk. verilecektir. Yakla\u015f\u0131k 10 dakikal\u0131k konu\u015fma ve 5 dakikal\u0131k soru cevap s\u00fcresi\u0307 olmak \u00fczere her kat\u0131l\u0131mc\u0131 10-15 dakika sunum yapabilecektir.<\/li>\n\n\n\n<li>Bildiri \u00f6zeti ve bildiri tam metnini Sempozyum D\u00fczenleme Kuruluna teslim eden kat\u0131l\u0131mc\u0131, bildiri \u00f6zet ve bildiri tam metninin bas\u0131m\u0131na izin vermi\u015f say\u0131l\u0131r.<\/li>\n\n\n\n<li>Sunum dilleri \u0130ngilizce ve T\u00fcrk\u00e7edir.<\/li>\n\n\n\n<li>Oturumlarda bir moderat\u00f6r ve soru-cevap b\u00f6l\u00fcm\u00fc i\u00e7in bir \u00e7evirmen bulunacakt\u0131r.<\/li>\n\n\n\n<li>Bildiri\u0307 tam metinleri hakem s\u00fcrecinden ge\u00e7tikten sonra sempozyum bildiri kitab\u0131nda yay\u0131mlanacakt\u0131r. Ayr\u0131ca t\u00fcm paneller resmi YouTube hesab\u0131ndan canl\u0131 olarak takip edilebilecektir.<\/li>\n<\/ul>\n","protected":false},"excerpt":{"rendered":"<p>Kalk\u0131nmada Veri, Bilgi, Bili\u015fim ve Y\u00f6neti\u015fim Bilgi ve Belge Y\u00f6netiminin de\u011ferli ara\u015ft\u0131rmac\u0131lar\u0131, uygulamac\u0131lar\u0131 ve payda\u015flar\u0131, Cumhuriyetimizin kurulu\u015funun 100. senesini kutlayaca\u011f\u0131m\u0131z ayda, 26-28 Ekim 2023 tarihleri aras\u0131nda \u00c7ank\u0131r\u0131 Karatekin \u00dcniversitesi ev sahipli\u011finde \u00c7ank\u0131r\u0131 Karatekin \u00dcniversitesi Bilgi ve Belge Y\u00f6netimi B\u00f6l\u00fcm\u00fc, Bart\u0131n \u00dcniversitesi Bilgi ve Belge Y\u00f6netimi &hellip; <\/p>\n","protected":false},"author":1,"featured_media":0,"parent":0,"menu_order":0,"comment_status":"closed","ping_status":"closed","template":"","meta":{"footnotes":""},"class_list":["post-941","page","type-page","status-publish","hentry"],"_links":{"self":[{"href":"https:\/\/sempozyum2023.karatekin.edu.tr\/index.php?rest_route=\/wp\/v2\/pages\/941","targetHints":{"allow":["GET"]}}],"collection":[{"href":"https:\/\/sempozyum2023.karatekin.edu.tr\/index.php?rest_route=\/wp\/v2\/pages"}],"about":[{"href":"https:\/\/sempozyum2023.karatekin.edu.tr\/index.php?rest_route=\/wp\/v2\/types\/page"}],"author":[{"embeddable":true,"href":"https:\/\/sempozyum2023.karatekin.edu.tr\/index.php?rest_route=\/wp\/v2\/users\/1"}],"replies":[{"embeddable":true,"href":"https:\/\/sempozyum2023.karatekin.edu.tr\/index.php?rest_route=%2Fwp%2Fv2%2Fcomments&post=941"}],"version-history":[{"count":19,"href":"https:\/\/sempozyum2023.karatekin.edu.tr\/index.php?rest_route=\/wp\/v2\/pages\/941\/revisions"}],"predecessor-version":[{"id":19553,"href":"https:\/\/sempozyum2023.karatekin.edu.tr\/index.php?rest_route=\/wp\/v2\/pages\/941\/revisions\/19553"}],"wp:attachment":[{"href":"https:\/\/sempozyum2023.karatekin.edu.tr\/index.php?rest_route=%2Fwp%2Fv2%2Fmedia&parent=941"}],"curies":[{"name":"wp","href":"https:\/\/api.w.org\/{rel}","templated":true}]}}