{"id":927,"date":"2022-08-04T22:28:25","date_gmt":"2022-08-04T19:28:25","guid":{"rendered":"http:\/\/gelenektengelecegebby.karatekin.edu.tr\/?page_id=927"},"modified":"2023-10-26T20:00:48","modified_gmt":"2023-10-26T17:00:48","slug":"program","status":"publish","type":"page","link":"https:\/\/sempozyum2023.karatekin.edu.tr\/?page_id=927","title":{"rendered":"Program"},"content":{"rendered":"\n<div data-wp-interactive=\"core\/file\" class=\"wp-block-file\"><object data-wp-bind--hidden=\"!state.hasPdfPreview\" hidden class=\"wp-block-file__embed\" data=\"https:\/\/sempozyum2023.karatekin.edu.tr\/wp-content\/uploads\/2023\/10\/Sempozyum-Programi-web.pdf\" type=\"application\/pdf\" style=\"width:100%;height:425px\" aria-label=\"Sempozyum Program\u0131 \u0130ndir g\u00f6m\u00fcs\u00fc.\"><\/object><a id=\"wp-block-file--media-2f8e94db-3bb6-45c1-bff4-25eca07350f9\" href=\"https:\/\/sempozyum2023.karatekin.edu.tr\/wp-content\/uploads\/2023\/10\/Sempozyum-Programi-web.pdf\">Sempozyum Program\u0131 \u0130ndir<\/a><\/div>\n\n\n\n<h2 class=\"wp-block-heading\">\u00c7evrimi\u00e7i Kat\u0131l\u0131m:<\/h2>\n\n\n\n<h3 class=\"wp-block-heading\">1. G\u00fcn 26.10.2023 &#8211; Per\u015fembe<\/h3>\n\n\n\n<p>1. G\u00fcn b\u00fct\u00fcn oturumlara \u00e7evrimi\u00e7i kat\u0131l\u0131m i\u00e7in a\u015fa\u011f\u0131da verilen Zoom bilgilerini kullanabilirsiniz.<\/p>\n\n\n\n<p><a href=\"https:\/\/zoom.us\/j\/6628543112?pwd=OFAzb3NjUVhWeE15VUZEaHR5SUFwQT09\">https:\/\/zoom.us\/j\/6628543112?pwd=OFAzb3NjUVhWeE15VUZEaHR5SUFwQT09<\/a><br>ID: 662 854 3112<br>Password: 159357<\/p>\n\n\n\n<h3 class=\"wp-block-heading\">2. G\u00fcn 27.10.2023 &#8211; Cuma<\/h3>\n\n\n\n<div class=\"wp-block-columns is-layout-flex wp-container-core-columns-is-layout-9d6595d7 wp-block-columns-is-layout-flex\">\n<div class=\"wp-block-column is-layout-flow wp-block-column-is-layout-flow\">\n<h4 class=\"wp-block-heading\">Mavi Salon:<\/h4>\n\n\n\n<p>2. G\u00fcn Mavi Salonda yer alan b\u00fct\u00fcn oturumlara \u00e7evrimi\u00e7i kat\u0131l\u0131m i\u00e7in a\u015fa\u011f\u0131da verilen Zoom bilgilerini kullanabilirsiniz.<\/p>\n\n\n\n<p><a href=\"https:\/\/zoom.us\/j\/6628543112?pwd=OFAzb3NjUVhWeE15VUZEaHR5SUFwQT09\">https:\/\/zoom.us\/j\/6628543112?pwd=OFAzb3NjUVhWeE15VUZEaHR5SUFwQT09<\/a><br>ID: 662 854 3112<br>Password: 159357<\/p>\n<\/div>\n\n\n\n<div class=\"wp-block-column is-layout-flow wp-block-column-is-layout-flow\">\n<h4 class=\"wp-block-heading\">K\u0131rm\u0131z\u0131 Salon:<\/h4>\n\n\n\n<p>2. G\u00fcn K\u0131rm\u0131z\u0131 Salonda yer alan b\u00fct\u00fcn oturumlara \u00e7evrimi\u00e7i kat\u0131l\u0131m i\u00e7in a\u015fa\u011f\u0131da verilen Zoom bilgilerini kullanabilirsiniz.<\/p>\n\n\n\n<p><a href=\"https:\/\/zoom.us\/j\/7384414801?pwd=d3Q5MnZJL2FKaVRoUHFkRXBNSTZ0Zz09\">https:\/\/zoom.us\/j\/7384414801?pwd=d3Q5MnZJL2FKaVRoUHFkRXBNSTZ0Zz09<\/a><br>ID: 738 441 4801<br>Paswd: 157357<\/p>\n<\/div>\n<\/div>\n\n\n\n<div class=\"wp-block-columns is-layout-flex wp-container-core-columns-is-layout-9d6595d7 wp-block-columns-is-layout-flex\"><\/div>\n","protected":false},"excerpt":{"rendered":"<p>\u00c7evrimi\u00e7i Kat\u0131l\u0131m: 1. G\u00fcn 26.10.2023 &#8211; Per\u015fembe 1. G\u00fcn b\u00fct\u00fcn oturumlara \u00e7evrimi\u00e7i kat\u0131l\u0131m i\u00e7in a\u015fa\u011f\u0131da verilen Zoom bilgilerini kullanabilirsiniz. https:\/\/zoom.us\/j\/6628543112?pwd=OFAzb3NjUVhWeE15VUZEaHR5SUFwQT09ID: 662 854 3112Password: 159357 2. G\u00fcn 27.10.2023 &#8211; Cuma Mavi Salon: 2. G\u00fcn Mavi Salonda yer alan b\u00fct\u00fcn oturumlara \u00e7evrimi\u00e7i kat\u0131l\u0131m i\u00e7in a\u015fa\u011f\u0131da verilen Zoom &hellip; <\/p>\n","protected":false},"author":1,"featured_media":0,"parent":0,"menu_order":0,"comment_status":"closed","ping_status":"closed","template":"","meta":{"footnotes":""},"class_list":["post-927","page","type-page","status-publish","hentry"],"_links":{"self":[{"href":"https:\/\/sempozyum2023.karatekin.edu.tr\/index.php?rest_route=\/wp\/v2\/pages\/927","targetHints":{"allow":["GET"]}}],"collection":[{"href":"https:\/\/sempozyum2023.karatekin.edu.tr\/index.php?rest_route=\/wp\/v2\/pages"}],"about":[{"href":"https:\/\/sempozyum2023.karatekin.edu.tr\/index.php?rest_route=\/wp\/v2\/types\/page"}],"author":[{"embeddable":true,"href":"https:\/\/sempozyum2023.karatekin.edu.tr\/index.php?rest_route=\/wp\/v2\/users\/1"}],"replies":[{"embeddable":true,"href":"https:\/\/sempozyum2023.karatekin.edu.tr\/index.php?rest_route=%2Fwp%2Fv2%2Fcomments&post=927"}],"version-history":[{"count":17,"href":"https:\/\/sempozyum2023.karatekin.edu.tr\/index.php?rest_route=\/wp\/v2\/pages\/927\/revisions"}],"predecessor-version":[{"id":19545,"href":"https:\/\/sempozyum2023.karatekin.edu.tr\/index.php?rest_route=\/wp\/v2\/pages\/927\/revisions\/19545"}],"wp:attachment":[{"href":"https:\/\/sempozyum2023.karatekin.edu.tr\/index.php?rest_route=%2Fwp%2Fv2%2Fmedia&parent=927"}],"curies":[{"name":"wp","href":"https:\/\/api.w.org\/{rel}","templated":true}]}}