{"id":8976,"date":"2023-04-03T13:39:26","date_gmt":"2023-04-03T10:39:26","guid":{"rendered":"https:\/\/sempozyum2023.karatekin.edu.tr\/?page_id=8976"},"modified":"2023-04-03T13:58:12","modified_gmt":"2023-04-03T10:58:12","slug":"gezi","status":"publish","type":"page","link":"https:\/\/sempozyum2023.karatekin.edu.tr\/?page_id=8976","title":{"rendered":"Gezi"},"content":{"rendered":"\n<p>Sempozyum kapsam\u0131nda ger\u00e7ekle\u015ftirilecek bir gezi program\u0131, \u00c7ank\u0131r\u0131&#8217;n\u0131n zengin tarihine, k\u00fclt\u00fcr\u00fcne ve turistik yerlerine dair ke\u015fif ve tan\u0131ma f\u0131rsat\u0131 sunacakt\u0131r. Ta\u015f Mescit, \u00c7ank\u0131r\u0131 M\u00fczesi, Tuz Ma\u011faras\u0131, \u00c7ank\u0131r\u0131 Kalesi ve Ferit Akal\u0131n Radyo ve \u0130leti\u015fim Evi gibi mekanlar, bu \u00f6zel programda yer alacakt\u0131r. Bu gezi program\u0131, sempozyum kat\u0131l\u0131mc\u0131lar\u0131na \u00f6\u011frenme, e\u011flenme ve ke\u015ffetme imkan\u0131 sa\u011flayacakt\u0131r.<\/p>\n\n\n\n<h3 class=\"wp-block-heading\">Ta\u015f Mescit<\/h3>\n\n\n\n<figure class=\"wp-block-image size-large is-resized\"><img decoding=\"async\" src=\"https:\/\/sempozyum2023.karatekin.edu.tr\/wp-content\/uploads\/2023\/04\/resim-4-edited.png\" alt=\"\" class=\"wp-image-8994\" width=\"838\" srcset=\"https:\/\/sempozyum2023.karatekin.edu.tr\/wp-content\/uploads\/2023\/04\/resim-4-edited.png 1200w, https:\/\/sempozyum2023.karatekin.edu.tr\/wp-content\/uploads\/2023\/04\/resim-4-edited-300x188.png 300w, https:\/\/sempozyum2023.karatekin.edu.tr\/wp-content\/uploads\/2023\/04\/resim-4-edited-1024x640.png 1024w, https:\/\/sempozyum2023.karatekin.edu.tr\/wp-content\/uploads\/2023\/04\/resim-4-edited-768x480.png 768w\" sizes=\"(max-width: 1200px) 100vw, 1200px\" \/><\/figure>\n\n\n\n<p>Sel\u00e7uklu d\u00f6neminden kalan ve mimarl\u0131k tarihi a\u00e7\u0131s\u0131ndan \u00f6nemli bir yap\u0131 olan Ta\u015f Mescit, Cemaleddin Ferruh \u015eifahanesi ve Dar\u00fclhadisi olarak bilinen iki biti\u015fik yap\u0131dan olu\u015fur. \u015eifahane tamamen kaybolmu\u015f olsa da, Dar\u00fclhadis g\u00fcn\u00fcm\u00fcze kadar b\u00fct\u00fcn\u00fcyle korunmu\u015ftur ve Ta\u015f Mescit olarak bilinir. \u0130lgin\u00e7 sa\u011fl\u0131k kurumlar\u0131ndan birisi olan bu yap\u0131, Atabey Cemaleddin Ferruh taraf\u0131ndan 1235 M. y\u0131l\u0131nda yapt\u0131r\u0131lm\u0131\u015ft\u0131r. Dar\u00fclhadis, Cemaleddin Ferruh taraf\u0131ndan yedi y\u0131l sonra in\u015fa edilmi\u015f ve g\u00fcn\u00fcm\u00fczde Ta\u015f Mescit&#8217;in yan\u0131nda yer alan Cemaleddin Ferruh&#8217;un T\u00fcrbesi ile birlikte ziyaret\u00e7ilere a\u00e7\u0131kt\u0131r. Dar\u00fclhadis, iki katl\u0131 olarak kesme ta\u015ftan yap\u0131lm\u0131\u015f olup, d\u0131\u015far\u0131dan iki duvar ve bir k\u00f6\u015fe kulesiyle desteklenmi\u015ftir. Yap\u0131 \u00fczerinde yer alan iki adet fig\u00fcrl\u00fc par\u00e7a ise, g\u00fcn\u00fcm\u00fczde &#8220;T\u0131p Sembol\u00fc&#8221; ve &#8220;Eczac\u0131l\u0131k Sembol\u00fc&#8221; olarak kullan\u0131lmaktad\u0131r. Ta\u015f Mescit, \u00c7ank\u0131r\u0131&#8217;da ziyaret edilebilecek \u00f6nemli turistik yerlerden biridir.<\/p>\n\n\n\n<h3 class=\"wp-block-heading\">\u00c7ank\u0131r\u0131 M\u00fczesi<\/h3>\n\n\n\n<figure class=\"wp-block-image size-large\"><img loading=\"lazy\" decoding=\"async\" width=\"1350\" height=\"759\" src=\"https:\/\/sempozyum2023.karatekin.edu.tr\/wp-content\/uploads\/2023\/04\/resim-10-edited.png\" alt=\"\" class=\"wp-image-8996\" srcset=\"https:\/\/sempozyum2023.karatekin.edu.tr\/wp-content\/uploads\/2023\/04\/resim-10-edited.png 1350w, https:\/\/sempozyum2023.karatekin.edu.tr\/wp-content\/uploads\/2023\/04\/resim-10-edited-300x169.png 300w, https:\/\/sempozyum2023.karatekin.edu.tr\/wp-content\/uploads\/2023\/04\/resim-10-edited-1024x576.png 1024w, https:\/\/sempozyum2023.karatekin.edu.tr\/wp-content\/uploads\/2023\/04\/resim-10-edited-768x432.png 768w\" sizes=\"auto, (max-width: 1350px) 100vw, 1350px\" \/><\/figure>\n\n\n\n<p>2017 y\u0131l\u0131nda hizmete a\u00e7\u0131lan \u00c7ank\u0131r\u0131 M\u00fczesi, II. Abd\u00fclhamid D\u00f6nemi&#8217;ne ait bir yap\u0131 olan \u00c7ank\u0131r\u0131 Eski H\u00fck\u00fcmet Kona\u011f\u0131 binas\u0131n\u0131n restore edilmesiyle olu\u015fturulmu\u015ftur. M\u00fcze, 3000 m2 kapal\u0131 ve 600 m2 a\u00e7\u0131k sergileme alan\u0131na sahiptir ve Arkeoloji, Etno\u011frafya ve Paleontoloji Salonlar\u0131nda eser ve buluntular sergilenmektedir. M\u00fczenin \u00f6zellikle \u00c7orakyerler adl\u0131 b\u00f6lgeden elde edilen omurgal\u0131 fosilleri, Ge\u00e7 Miyosen D\u00f6nem&#8217;e tarihlenmeleri ve faunal \u00e7e\u015fitlilik a\u00e7\u0131s\u0131ndan hem \u00fclkemizde hem de d\u00fcnya paleontoloji alan\u0131nda \u00f6nemli bir yer tutmaktad\u0131r. Eserler, &#8220;Kalkolitik ve Tun\u00e7 D\u00f6nemleri&#8221;, &#8220;Hitit Uygarl\u0131\u011f\u0131&#8221;, &#8220;Helenistik D\u00f6nem&#8221;, &#8220;Roma D\u00f6nemi&#8221;, &#8220;Do\u011fu Roma D\u00f6nemi&#8221; ve &#8220;Sikkeler&#8221; ba\u015fl\u0131klar\u0131 alt\u0131nda farkl\u0131 b\u00f6l\u00fcmlerde sergilenmektedir. Ayr\u0131ca, m\u00fczenin orta alan\u0131nda, Arkeoloji Literat\u00fcr\u00fcn\u00fcn en bilinen eserleri aras\u0131nda yer alan &#8220;\u0130nand\u0131k Vazosu&#8221; imitasyonu ve bu eserin bulundu\u011fu \u0130nand\u0131k H\u00f6y\u00fck kaz\u0131s\u0131na ili\u015fkin maket bulunmaktad\u0131r. Bu tema, m\u00fczenin \u00f6zel bir b\u00f6l\u00fcm\u00fcn\u00fc olu\u015fturmaktad\u0131r. M\u00fczede ayr\u0131ca, halk\u0131n ya\u015fam tarz\u0131n\u0131 ve y\u00f6renin sosyok\u00fclt\u00fcrel \u00f6zelliklerini yans\u0131tan etnografik eserler de sergilenmektedir. <\/p>\n\n\n\n<figure class=\"wp-block-image size-large is-resized\"><img loading=\"lazy\" decoding=\"async\" src=\"https:\/\/sempozyum2023.karatekin.edu.tr\/wp-content\/uploads\/2023\/04\/resim-1-1024x692.png\" alt=\"\" class=\"wp-image-8978\" width=\"375\" height=\"252\" srcset=\"https:\/\/sempozyum2023.karatekin.edu.tr\/wp-content\/uploads\/2023\/04\/resim-1-1024x692.png 1024w, https:\/\/sempozyum2023.karatekin.edu.tr\/wp-content\/uploads\/2023\/04\/resim-1-300x203.png 300w, https:\/\/sempozyum2023.karatekin.edu.tr\/wp-content\/uploads\/2023\/04\/resim-1-768x519.png 768w\" sizes=\"auto, (max-width: 375px) 100vw, 375px\" \/><\/figure>\n\n\n\n<h3 class=\"wp-block-heading\">Tuz Ma\u011faras\u0131<\/h3>\n\n\n\n<figure class=\"wp-block-image size-full is-resized\"><img loading=\"lazy\" decoding=\"async\" src=\"https:\/\/sempozyum2023.karatekin.edu.tr\/wp-content\/uploads\/2023\/04\/resim-7.png\" alt=\"\" class=\"wp-image-8984\" width=\"835\" height=\"557\"\/><\/figure>\n\n\n\n<p>Tuz Ma\u011faras\u0131, \u00c7ank\u0131r\u0131 Tuz Madeni&#8217;nin yer alt\u0131 b\u00f6l\u00fcm\u00fcd\u00fcr ve yakla\u015f\u0131k 5 bin y\u0131ld\u0131r tuz \u00fcretildi\u011fi bilinen d\u00fcnyan\u0131n en eski ve en b\u00fcy\u00fck tuz madenleri aras\u0131nda yer almaktad\u0131r. \u00c7ank\u0131r\u0131\u2019n\u0131n do\u011fusunda merkez il\u00e7eye ba\u011fl\u0131 Bal\u0131ba\u011f\u0131 K\u00f6y\u00fc s\u0131n\u0131rlar\u0131 i\u00e7erisinde yer almaktad\u0131r. Tuz Ma\u011faras\u0131, turizm ama\u00e7l\u0131 olarak da hizmet vermektedir. Ma\u011fara i\u00e7inde \u00e7\u00fcr\u00fcmeyen hayvan cesetleri, tuzdan yap\u0131lm\u0131\u015f heykeller, el i\u015fi eserleri, bal\u0131k ve insan y\u00fcz\u00fc sergileri yer almaktad\u0131r. Ast\u0131m, bron\u015fit gibi hastal\u0131klara iyi geldi\u011fi bilinen \u015fifa y\u00f6n\u00fc de ilgi g\u00f6rmektedir. &#8220;Yer Alt\u0131 Tuz \u015eehri&#8221; olarak d\u00fcnya turizmine kazand\u0131rma y\u00f6n\u00fcnde \u00e7al\u0131\u015fmalar yap\u0131lmaktad\u0131r. Ma\u011fara i\u00e7in idari bina, otopark gibi hizmetleri vard\u0131r.<\/p>\n\n\n\n<h3 class=\"wp-block-heading\">\u00c7ank\u0131r\u0131 Kalesi<\/h3>\n\n\n\n<figure class=\"wp-block-image size-full\"><img loading=\"lazy\" decoding=\"async\" width=\"1440\" height=\"806\" src=\"https:\/\/sempozyum2023.karatekin.edu.tr\/wp-content\/uploads\/2023\/04\/resim-9.png\" alt=\"\" class=\"wp-image-8986\"\/><\/figure>\n\n\n\n<p>\u00c7ank\u0131r\u0131 Kalesi, \u015fehrin kuzeyinde yer alan ve Roma, Bizans, Sel\u00e7uklu ve Osmanl\u0131 d\u00f6nemlerinde sa\u011flaml\u0131\u011f\u0131yla \u00fcn kazanm\u0131\u015f, ge\u00e7en y\u00fczy\u0131la kadar isk\u00e2n edilmi\u015f olup yap\u0131dan zaman\u0131m\u0131za birka\u00e7 sur kal\u0131nt\u0131s\u0131ndan ba\u015fka bir \u015fey kalmam\u0131\u015ft\u0131r. G\u00fcn\u00fcm\u00fczde kale halk\u0131n u\u011frak noktas\u0131 olan bir mesire yeri ve tarihi bir ziyaretgah olarak hizmet vermektedir. \u00c7ank\u0131r\u0131 Fatihi Karatekin Bey&#8217;in T\u00fcrbesi&#8217;nin kalenin i\u00e7inde bulunmas\u0131, yap\u0131y\u0131 daha da \u00f6nemli k\u0131lmaktad\u0131r. Kalede oturma alanlar\u0131, pergule, mescit ve otopark gibi imkanlar sunulmu\u015ftur. Y\u00fcksek bir tepe \u00fczerinde yer alan kale, ziyaret\u00e7ilere \u015fehrin manzaras\u0131n\u0131 da sunmaktad\u0131r.<\/p>\n\n\n\n<h3 class=\"wp-block-heading\">Ferit Akal\u0131n Radyo ve \u0130leti\u015fim Evi<\/h3>\n\n\n\n<figure class=\"wp-block-image size-full\"><img loading=\"lazy\" decoding=\"async\" width=\"1350\" height=\"900\" src=\"https:\/\/sempozyum2023.karatekin.edu.tr\/wp-content\/uploads\/2023\/04\/resim-13.png\" alt=\"\" class=\"wp-image-8997\"\/><\/figure>\n\n\n\n<p>Ferit Akal\u0131n Radyo ve \u0130leti\u015fim Evi, eski bir mucit olan Ferit Akal\u0131n&#8217;\u0131n radyo merak\u0131n\u0131 ve \u00c7ank\u0131r\u0131&#8217;da ilk televizyon antenlerini kurmas\u0131ndan, radyo sinyalleri ile uzaktan kumanda ile stadyumda ara\u00e7 y\u00fcr\u00fctmesine varan maceralar\u0131n\u0131 kay\u0131t alt\u0131na alan bir m\u00fczedir. Mekan\u0131n temel amac\u0131, ileti\u015fim ara\u00e7lar\u0131n\u0131n tarihsel geli\u015fimini insan hik\u00e2yeleri ile anlatmak ve \u00c7ank\u0131r\u0131 yerelli\u011fini \u00f6ne \u00e7\u0131karmakt\u0131r. Bu ama\u00e7la, ileti\u015fim temas\u0131, ya\u015fayan ve nefes alan etkile\u015fimli uygulamalar ile ziyaret\u00e7ilerle bulu\u015fmu\u015ftur. Ziyaret\u00e7iler, do\u011fal bir at\u00f6lye ortam\u0131 ile sergilemeyi i\u00e7 i\u00e7e ya\u015famaktad\u0131r.<\/p>\n\n\n\n<p><br>Kaynak:<\/p>\n\n\n\n<p>\u00c7ank\u0131r\u0131 Belediyesi, https:\/\/cankiri.bel.tr\/tarihi-merkezler\/turizm\/1<\/p>\n\n\n\n<p>\u00c7ank\u0131r\u0131 Valili\u011fi, http:\/\/www.cankiri.gov.tr\/sehrimiz<\/p>\n","protected":false},"excerpt":{"rendered":"<p>Sempozyum kapsam\u0131nda ger\u00e7ekle\u015ftirilecek bir gezi program\u0131, \u00c7ank\u0131r\u0131&#8217;n\u0131n zengin tarihine, k\u00fclt\u00fcr\u00fcne ve turistik yerlerine dair ke\u015fif ve tan\u0131ma f\u0131rsat\u0131 sunacakt\u0131r. Ta\u015f Mescit, \u00c7ank\u0131r\u0131 M\u00fczesi, Tuz Ma\u011faras\u0131, \u00c7ank\u0131r\u0131 Kalesi ve Ferit Akal\u0131n Radyo ve \u0130leti\u015fim Evi gibi mekanlar, bu \u00f6zel programda yer alacakt\u0131r. Bu gezi program\u0131, sempozyum &hellip; <\/p>\n","protected":false},"author":1,"featured_media":0,"parent":0,"menu_order":0,"comment_status":"closed","ping_status":"closed","template":"","meta":{"footnotes":""},"class_list":["post-8976","page","type-page","status-publish","hentry"],"_links":{"self":[{"href":"https:\/\/sempozyum2023.karatekin.edu.tr\/index.php?rest_route=\/wp\/v2\/pages\/8976","targetHints":{"allow":["GET"]}}],"collection":[{"href":"https:\/\/sempozyum2023.karatekin.edu.tr\/index.php?rest_route=\/wp\/v2\/pages"}],"about":[{"href":"https:\/\/sempozyum2023.karatekin.edu.tr\/index.php?rest_route=\/wp\/v2\/types\/page"}],"author":[{"embeddable":true,"href":"https:\/\/sempozyum2023.karatekin.edu.tr\/index.php?rest_route=\/wp\/v2\/users\/1"}],"replies":[{"embeddable":true,"href":"https:\/\/sempozyum2023.karatekin.edu.tr\/index.php?rest_route=%2Fwp%2Fv2%2Fcomments&post=8976"}],"version-history":[{"count":4,"href":"https:\/\/sempozyum2023.karatekin.edu.tr\/index.php?rest_route=\/wp\/v2\/pages\/8976\/revisions"}],"predecessor-version":[{"id":8999,"href":"https:\/\/sempozyum2023.karatekin.edu.tr\/index.php?rest_route=\/wp\/v2\/pages\/8976\/revisions\/8999"}],"wp:attachment":[{"href":"https:\/\/sempozyum2023.karatekin.edu.tr\/index.php?rest_route=%2Fwp%2Fv2%2Fmedia&parent=8976"}],"curies":[{"name":"wp","href":"https:\/\/api.w.org\/{rel}","templated":true}]}}