{"id":8901,"date":"2023-01-16T10:31:16","date_gmt":"2023-01-16T07:31:16","guid":{"rendered":"https:\/\/sempozyum2023.karatekin.edu.tr\/?page_id=8901"},"modified":"2023-09-04T16:19:00","modified_gmt":"2023-09-04T13:19:00","slug":"bildiriler","status":"publish","type":"page","link":"https:\/\/sempozyum2023.karatekin.edu.tr\/?page_id=8901","title":{"rendered":"Tam Metin G\u00f6nder"},"content":{"rendered":"\n<h3 class=\"wp-block-heading\">Bildiri G\u00f6nderimi<\/h3>\n\n\n\n<p>Ba\u015fvurular, a\u015fa\u011f\u0131daki kriterler dikkate al\u0131narak <a rel=\"noreferrer noopener\" href=\"https:\/\/sempozyum2023.karatekin.edu.tr\/index.php\/bildiriler\/tam-metin-gonder\/\" target=\"_blank\">sempozyum y\u00f6netim sistemine<\/a> y\u00fcklenmesi gerekmektedir.<\/p>\n\n\n\n<p>&#8220;II. Uluslararas\u0131 Gelenekten Gelece\u011fe Bilgi ve Belge Y\u00f6netimi Sempozyumu&#8221; i\u00e7in bildiri g\u00f6nderme kurallar\u0131 \u015fu \u015fekildedir:<\/p>\n\n\n\n<ul class=\"wp-block-list\">\n<li>Bildirideki \u00f6zet bilgisi sempozyum \u00f6zet kitap\u00e7\u0131\u011f\u0131nda da kullan\u0131laca\u011f\u0131ndan IMRAD (Introduction, Methodology, Results and Discussion- Giri\u015f, Y\u00f6ntem, Bulgular ve Tart\u0131\u015fma) yap\u0131s\u0131na uygun olarak haz\u0131rlanmal\u0131d\u0131r.<\/li>\n\n\n\n<li>Bildiri \u00f6zetleri, en az 250 kelime, en fazla 500 kelime olacak \u015fekilde yaz\u0131lmal\u0131d\u0131r.<\/li>\n\n\n\n<li>\u00c7al\u0131\u015fmaya ait en az 3 en fazla 5 anahtar s\u00f6zc\u00fck verilmelidir.<\/li>\n\n\n\n<li>Bildiri dili T\u00fcrk\u00e7e ya da \u0130ngilizce olarak tercih edilebilir.<\/li>\n\n\n\n<li>Bildiri \u00f6zetleri Word .docx format\u0131nda olmal\u0131d\u0131r.<\/li>\n\n\n\n<li>Bildiri tam metinleri daha \u00f6nce bir yerde sunulmam\u0131\u015f ve yay\u0131mlanmam\u0131\u015f olmal\u0131d\u0131r.<\/li>\n\n\n\n<li>Bildiriler a\u015fa\u011f\u0131da belirtilen \u015fablona g\u00f6re haz\u0131rlanmal\u0131d\u0131r. \u015eablona uygun olmayan bildiriler kabul edilmeyecektir.<\/li>\n<\/ul>\n\n\n\n<p>L\u00fctfen unutmay\u0131n ki, bildirileriniz bilim kurulu taraf\u0131ndan de\u011ferlendirildikten sonra kabul edilip edilmeyece\u011fi belirlenecektir. Bildirilerinizin kabul edilmesi i\u00e7in yukar\u0131daki kurallara uygunlu\u011fu \u00f6nemlidir.<\/p>\n\n\n\n<p>Not: Kabul edilen ve Sempozyumda sunulan bildirilerin tam metinleri sempozyum bildiri kitab\u0131nda yay\u0131mlanacakt\u0131r. Bildiri Kitab\u0131n\u0131n yaz\u0131m kurallar\u0131 ve standartlar\u0131 yazarlar ile payla\u015f\u0131lacakt\u0131r.<\/p>\n\n\n\n<p>Bildiri g\u00f6ndermek i\u00e7in <a href=\"https:\/\/sempozyum2023.karatekin.edu.tr\/index.php\/bildiriler\/tam-metin-gonder\/\">t\u0131klay\u0131n\u0131z.<\/a><\/p>\n\n\n\n<p>Bildiri \u015fablonunu indirmek i\u00e7in <a href=\"https:\/\/sempozyum2023.karatekin.edu.tr\/wp-content\/uploads\/2023\/09\/Tammetin-bildiri-sablonu-2.docx\">t\u0131klay\u0131n\u0131z.<\/a><\/p>\n","protected":false},"excerpt":{"rendered":"<p>Bildiri G\u00f6nderimi Ba\u015fvurular, a\u015fa\u011f\u0131daki kriterler dikkate al\u0131narak sempozyum y\u00f6netim sistemine y\u00fcklenmesi gerekmektedir. &#8220;II. Uluslararas\u0131 Gelenekten Gelece\u011fe Bilgi ve Belge Y\u00f6netimi Sempozyumu&#8221; i\u00e7in bildiri g\u00f6nderme kurallar\u0131 \u015fu \u015fekildedir: L\u00fctfen unutmay\u0131n ki, bildirileriniz bilim kurulu taraf\u0131ndan de\u011ferlendirildikten sonra kabul edilip edilmeyece\u011fi belirlenecektir. Bildirilerinizin kabul edilmesi i\u00e7in yukar\u0131daki &hellip; <\/p>\n","protected":false},"author":1,"featured_media":0,"parent":0,"menu_order":0,"comment_status":"closed","ping_status":"closed","template":"","meta":{"footnotes":""},"class_list":["post-8901","page","type-page","status-publish","hentry"],"_links":{"self":[{"href":"https:\/\/sempozyum2023.karatekin.edu.tr\/index.php?rest_route=\/wp\/v2\/pages\/8901","targetHints":{"allow":["GET"]}}],"collection":[{"href":"https:\/\/sempozyum2023.karatekin.edu.tr\/index.php?rest_route=\/wp\/v2\/pages"}],"about":[{"href":"https:\/\/sempozyum2023.karatekin.edu.tr\/index.php?rest_route=\/wp\/v2\/types\/page"}],"author":[{"embeddable":true,"href":"https:\/\/sempozyum2023.karatekin.edu.tr\/index.php?rest_route=\/wp\/v2\/users\/1"}],"replies":[{"embeddable":true,"href":"https:\/\/sempozyum2023.karatekin.edu.tr\/index.php?rest_route=%2Fwp%2Fv2%2Fcomments&post=8901"}],"version-history":[{"count":18,"href":"https:\/\/sempozyum2023.karatekin.edu.tr\/index.php?rest_route=\/wp\/v2\/pages\/8901\/revisions"}],"predecessor-version":[{"id":18697,"href":"https:\/\/sempozyum2023.karatekin.edu.tr\/index.php?rest_route=\/wp\/v2\/pages\/8901\/revisions\/18697"}],"wp:attachment":[{"href":"https:\/\/sempozyum2023.karatekin.edu.tr\/index.php?rest_route=%2Fwp%2Fv2%2Fmedia&parent=8901"}],"curies":[{"name":"wp","href":"https:\/\/api.w.org\/{rel}","templated":true}]}}