{"id":40,"date":"2022-08-03T12:49:22","date_gmt":"2022-08-03T12:49:22","guid":{"rendered":"http:\/\/gelenektengelecegebby.karatekin.edu.tr\/?page_id=40"},"modified":"2023-01-16T10:19:45","modified_gmt":"2023-01-16T07:19:45","slug":"ulasim","status":"publish","type":"page","link":"https:\/\/sempozyum2023.karatekin.edu.tr\/?page_id=40","title":{"rendered":"Ula\u015f\u0131m"},"content":{"rendered":"\n<h3 class=\"wp-block-heading\"><strong>Sempozyum adresi<\/strong><\/h3>\n\n\n\n<p>\u00c7ank\u0131r\u0131 Karatekin \u00dcniversitesi, Uluyaz\u0131 Kamp\u00fcs\u00fc, \u00c7ank\u0131r\u0131 \/ T\u00fcrkiye<\/p>\n\n\n\n<h3 class=\"wp-block-heading\"><strong>Toplu Ta\u015f\u0131ma (\u015eehir D\u0131\u015f\u0131)<\/strong><\/h3>\n\n\n\n<p><strong>\u015eehirleraras\u0131 Otob\u00fcs ile;<\/strong><br>Ankara \u015eehirleraras\u0131 Otob\u00fcs Terminalinden (A\u015eT\u0130) \u00c7ank\u0131r\u0131 il merkezine her saat direkt seferler mevcuttur. Ayr\u0131ca Kastamonu-Sinop istikametine giden yolcu otob\u00fcsleri ile de ula\u015f\u0131m sa\u011flanabilmektedir.<br><strong>Havayolu ile;<\/strong><br>Ankara Esenbo\u011fa Havaliman\u0131ndan HAVA\u015e ya da ticari taksi ile Pursaklar semtine; ard\u0131ndan Pursaklar Belediyesi Aile Ya\u015fam Merkezi kar\u015f\u0131s\u0131nda bulunan \u015fehirleraras\u0131 otob\u00fcs yaz\u0131hanelerinden \u00c7ank\u0131r\u0131 il merkezi istikametine giden \u015fehirleraras\u0131 otob\u00fcsler ile ula\u015f\u0131m sa\u011flanabilmektedir.<\/p>\n\n\n\n<h3 class=\"wp-block-heading\"><strong>Toplu Ta\u015f\u0131ma (\u015eehir \u0130\u00e7i)<\/strong><\/h3>\n\n\n\n<p>\u00c7ank\u0131r\u0131 Otob\u00fcs Terminalinden \u201cTerminal-Uluyaz\u0131\u201d \u015fehir-i\u00e7i otob\u00fcs hatt\u0131 ile Uluyaz\u0131 kamp\u00fcs\u00fcne ula\u015f\u0131m sa\u011flanabilmektedir.<\/p>\n","protected":false},"excerpt":{"rendered":"<p>Sempozyum adresi \u00c7ank\u0131r\u0131 Karatekin \u00dcniversitesi, Uluyaz\u0131 Kamp\u00fcs\u00fc, \u00c7ank\u0131r\u0131 \/ T\u00fcrkiye Toplu Ta\u015f\u0131ma (\u015eehir D\u0131\u015f\u0131) \u015eehirleraras\u0131 Otob\u00fcs ile;Ankara \u015eehirleraras\u0131 Otob\u00fcs Terminalinden (A\u015eT\u0130) \u00c7ank\u0131r\u0131 il merkezine her saat direkt seferler mevcuttur. Ayr\u0131ca Kastamonu-Sinop istikametine giden yolcu otob\u00fcsleri ile de ula\u015f\u0131m sa\u011flanabilmektedir.Havayolu ile;Ankara Esenbo\u011fa Havaliman\u0131ndan HAVA\u015e ya da &hellip; <\/p>\n","protected":false},"author":1,"featured_media":0,"parent":0,"menu_order":0,"comment_status":"closed","ping_status":"closed","template":"","meta":{"footnotes":""},"class_list":["post-40","page","type-page","status-publish","hentry"],"_links":{"self":[{"href":"https:\/\/sempozyum2023.karatekin.edu.tr\/index.php?rest_route=\/wp\/v2\/pages\/40","targetHints":{"allow":["GET"]}}],"collection":[{"href":"https:\/\/sempozyum2023.karatekin.edu.tr\/index.php?rest_route=\/wp\/v2\/pages"}],"about":[{"href":"https:\/\/sempozyum2023.karatekin.edu.tr\/index.php?rest_route=\/wp\/v2\/types\/page"}],"author":[{"embeddable":true,"href":"https:\/\/sempozyum2023.karatekin.edu.tr\/index.php?rest_route=\/wp\/v2\/users\/1"}],"replies":[{"embeddable":true,"href":"https:\/\/sempozyum2023.karatekin.edu.tr\/index.php?rest_route=%2Fwp%2Fv2%2Fcomments&post=40"}],"version-history":[{"count":3,"href":"https:\/\/sempozyum2023.karatekin.edu.tr\/index.php?rest_route=\/wp\/v2\/pages\/40\/revisions"}],"predecessor-version":[{"id":8900,"href":"https:\/\/sempozyum2023.karatekin.edu.tr\/index.php?rest_route=\/wp\/v2\/pages\/40\/revisions\/8900"}],"wp:attachment":[{"href":"https:\/\/sempozyum2023.karatekin.edu.tr\/index.php?rest_route=%2Fwp%2Fv2%2Fmedia&parent=40"}],"curies":[{"name":"wp","href":"https:\/\/api.w.org\/{rel}","templated":true}]}}