{"id":36,"date":"2022-08-03T12:48:46","date_gmt":"2022-08-03T09:48:46","guid":{"rendered":"http:\/\/gelenektengelecegebby.karatekin.edu.tr\/?page_id=36"},"modified":"2023-09-22T14:49:57","modified_gmt":"2023-09-22T11:49:57","slug":"kurullar","status":"publish","type":"page","link":"https:\/\/sempozyum2023.karatekin.edu.tr\/?page_id=36","title":{"rendered":"Kurullar"},"content":{"rendered":"\n<h4 class=\"wp-block-heading\">D\u00fczenleyen Kurumlar<\/h4>\n\n\n\n<p>\u00c7ank\u0131r\u0131 Karatekin \u00dcniversitesi, T\u00fcrkiye<br>Bart\u0131n \u00dcniversitesi, T\u00fcrkiye<br>Kastamonu \u00dcniversitesi, T\u00fcrkiye<\/p>\n\n\n\n<h4 class=\"wp-block-heading\">Onur Kurulu<\/h4>\n\n\n\n<p>Prof. Dr. Harun \u00c7ift\u00e7i (Rekt\u00f6r\/ \u00c7ank\u0131r\u0131 Karatekin \u00dcniversitesi, T\u00fcrkiye)<br>Prof. Dr. Orhan Uzun (Rekt\u00f6r\/ Bart\u0131n \u00dcniversitesi, T\u00fcrkiye)<br>Prof. Dr. Ahmet Hamdi Topal (Rekt\u00f6r\/ Kastamonu \u00dcniversitesi \u00dcniversitesi, T\u00fcrkiye)<\/p>\n\n\n\n<h4 class=\"wp-block-heading\">Sempozyum Y\u00fcr\u00fctme Kurulu<\/h4>\n\n\n\n<p>Prof. Dr. Co\u015fkun Polat (\u00c7ank\u0131r\u0131 Karatekin \u00dcniversitesi, T\u00fcrkiye)<br>Prof. Dr. Hasan S. Kesero\u011flu (Kastamonu \u00dcniversitesi, T\u00fcrkiye)<br>Do\u00e7. Dr. Ahmet Altay (Bart\u0131n \u00dcniversitesi, T\u00fcrkiye)<\/p>\n\n\n\n<h4 class=\"wp-block-heading\"><strong>D\u00fczenleme Kurulu<\/strong><\/h4>\n\n\n\n<p>Do\u00e7. Dr. Ahmet ALTAY (Bart\u0131n \u00dcniversitesi, T\u00fcrkiye)<br>Do\u00e7. Dr. Burcu Umut ZAN (\u00c7ank\u0131r\u0131 Karatekin \u00dcniversitesi, T\u00fcrkiye)<br>Do\u00e7. Dr. G\u00fcler DEM\u0130R (Kastamonu \u00dcniversitesi, T\u00fcrkiye)<br>Do\u00e7. Dr. Kas\u0131m B\u0130N\u0130C\u0130 (\u00c7ank\u0131r\u0131 Karatekin \u00dcniversitesi, T\u00fcrkiye)<br>Dr. \u00d6\u011fr. \u00dcyesi \u00c7a\u011fda\u015f \u00c7APKIN (\u00c7ank\u0131r\u0131 Karatekin \u00dcniversitesi, T\u00fcrkiye)<br>Dr. \u00d6\u011fr. \u00dcyesi Hasan SEVMEZ (\u00c7ank\u0131r\u0131 Karatekin \u00dcniversitesi, T\u00fcrkiye)<br>Dr. \u00d6\u011fr. \u00dcyesi Lale \u00d6ZDEM\u0130R \u015eAH\u0130N (Bart\u0131n \u00dcniversitesi, T\u00fcrkiye)<br>Ar\u015f. G\u00f6r. Ertu\u011frul Burak ERO\u011eLU (\u00c7ank\u0131r\u0131 Karatekin \u00dcniversitesi, T\u00fcrkiye)<br>Ar\u015f. G\u00f6r. Hasan \u00d6ZT\u00dcRK (Bart\u0131n \u00dcniversitesi, T\u00fcrkiye)<br>Ar\u015f. G\u00f6r. \u0130lker \u00c7AKMAKKAYA (Kastamonu \u00dcniversitesi, T\u00fcrkiye)<br>Ar\u015f. G\u00f6r. Pelin KARCI KANDEM\u0130R (\u00c7ank\u0131r\u0131 Karatekin \u00dcniversitesi, T\u00fcrkiye)<br>Ar\u015f. G\u00f6r. Zarife YILDIRIM MERCAN (\u00c7ank\u0131r\u0131 Karatekin \u00dcniversitesi, T\u00fcrkiye)<br>Hac\u0131 Ali ATAR (\u00c7ank\u0131r\u0131 Karatekin \u00dcniversitesi, T\u00fcrkiye)<\/p>\n\n\n\n<p><\/p>\n\n\n\n<h4 class=\"wp-block-heading\">Bilim Kurulu<\/h4>\n\n\n\n<p>Prof. Dr. Alpaslan Kuzucuo\u011flu (\u0130stanbul Medeniyet \u00dcniversitesi, T\u00fcrkiye)<br>Prof. Dr. Asiye Kak\u0131rman Y\u0131ld\u0131z (Marmara \u00dcniversitesi, T\u00fcrkiye)<br>Prof. Dr. Alemdar Bayramov (Bak\u00fc Devlet \u00dcniversitesi, Azerbaycan)<br>Prof. Dr. Berat Bir (Marmara \u00dcniversitesi, T\u00fcrkiye)<br>Prof. Dr. Burhanettin Aykut Ar\u0131kan (T\u00fcrk Alman \u00dcniversitesi, T\u00fcrkiye)<br>Prof. Dr. B\u00fclent Y\u0131lmaz (Hacettepe \u00dcniversitesi, T\u00fcrkiye)<br>Prof. Dr. Co\u015fkun Polat (\u00c7ank\u0131r\u0131 Karatekin \u00dcniversitesi, T\u00fcrkiye)<br>Prof. Dr. Do\u011fan At\u0131lgan (Ankara \u00dcniversitesi, T\u00fcrkiye)<br>Prof. Dr. Erol Y\u0131lmaz (K\u0131r\u0131kkale \u00dcniversitesi, T\u00fcrkiye)<br>Prof. Dr. Fahrettin \u00d6zdemirci (Ankara \u00dcniversitesi, T\u00fcrkiye)<br>Prof. Dr. Fatih Rukanc\u0131 (Ankara \u00dcniversitesi, T\u00fcrkiye)<br>Prof. Dr. Fato\u015f Suba\u015f\u0131o\u011flu (Ankara \u00dcniversitesi, T\u00fcrkiye)<br>Prof. Dr. Hakan Anameri\u00e7 (Ankara \u00dcniversitesi, T\u00fcrkiye)<br>Prof. Dr. Hamza Kandur (Antalya Bilim \u00dcniversitesi, T\u00fcrkiye)<br>Prof. Dr. Hatice \u0130nci \u00d6nal (Hacettepe \u00dcniversitesi, T\u00fcrkiye)<br>Prof. Dr. Hasan S. Kesero\u011flu (Kastamonu \u00dcniversitesi, T\u00fcrkiye)<br>Prof. Dr. H\u00fcseyin Odaba\u015f (\u00c7ank\u0131r\u0131 Karatekin \u00dcniversitesi, T\u00fcrkiye)<br>Prof. Dr. Ivanka Yankova (UNIBIT, Bulgaristan)<br>Prof. Dr. \u0130shak Keskin (\u0130stanbul \u00dcniversitesi, T\u00fcrkiye)<br>Prof. Dr. Kemalettin Kuzucu (Marmara \u00dcniversitesi, T\u00fcrkiye)<br>Prof. Dr. Malgorzata Fedorowicz-Kruszewska (Nicolaus Copernicus \u00dcniversitesi, Polonya)<br>Prof. Dr. Mauro Guerrini (Floransa \u00dcniversitesi, \u0130talya)<br>Prof. Dr. Mehmet Ali Akkaya (\u0130zmir K\u00e2tip \u00c7elebi \u00dcniversitesi, T\u00fcrkiye)<br>Prof. Dr. Milena Dobreva (Sofya \u00dcniversitesi, Bulgaristan)<br>Prof. Dr. Murat Y\u0131lmaz (\u0130stanbul \u00dcniversitesi, T\u00fcrkiye)<br>Prof. Dr. Nevzat \u00d6zel (Ankara \u00dcniversitesi, T\u00fcrkiye)<br>Prof. Dr. Niyazi \u00c7i\u00e7ek (\u0130stanbul \u00dcniversitesi, T\u00fcrkiye)<br>Prof. Dr. Oya G\u00fcrdal (Ankara \u00dcniversitesi, T\u00fcrkiye)<br>Prof. Dr. \u00d6zg\u00fcr K\u00fclc\u00fc (Hacettepe \u00dcniversitesi, T\u00fcrkiye)<br>Prof. Dr. R\u0131fat G\u00fcnalan (\u0130stanbul \u00dcniversitesi, T\u00fcrkiye)<br>Prof. Dr. Sacit Arslantekin (Ankara \u00dcniversitesi, T\u00fcrkiye)<br>Prof. Dr. Saime \u00d6zlem G\u00f6kkurt Demirtel (\u0130zmir K\u00e2tip \u00c7elebi \u00dcniversitesi, T\u00fcrkiye)<br>Prof. Dr. Suliman Hawamdeh (Kuzey Teksas \u00dcniversitesi, ABD)<br>Prof. Dr. Tania Todorova (UNIBIT, Bulgaristan)<br>Prof. Dr. Tomasz Kruszewski (Nicolaus Copernicus \u00dcniversitesi, Polonya)<br>Prof. Dr. Toni Samek (Alberta \u00dcniversitesi, Kanada)<br>Prof. Dr. T\u00fclay O\u011fuz (Ankara \u00dcniversitesi, T\u00fcrkiye)<br>Prof. Dr. \u00dcmit Konya (\u0130stanbul \u00dcniversitesi, T\u00fcrkiye)<br>Do\u00e7. Dr. Ahmet ALTAY (Bart\u0131n \u00dcniversitesi, T\u00fcrkiye)<br>Do\u00e7. Dr. Bahattin Yal\u00e7\u0131nkaya (Marmara \u00dcniversitesi, T\u00fcrkiye)<br>Do\u00e7. Dr. Burcu Umut Zan (\u00c7ank\u0131r\u0131 Karatekin \u00dcniversitesi, T\u00fcrkiye)<br>Do\u00e7. Dr. G\u00fcler Demir (Kastamonu \u00dcniversitesi, T\u00fcrkiye)<br>Do\u00e7. Dr. G\u00fclten Al\u0131r Derbent (\u0130zmir K\u00e2tip \u00c7elebi \u00dcniversitesi, T\u00fcrkiye)<br>Do\u00e7. Dr. Hamid Dervi\u015f (Kastamonu \u00dcniversitesi, T\u00fcrkiye)<br>Do\u00e7. Dr. Huriye \u00c7olaklar (Bart\u0131n \u00dcniversitesi, T\u00fcrkiye)<br>Do\u00e7. Dr. Kas\u0131m Binici (\u00c7ank\u0131r\u0131 Karatekin \u00dcniversitesi, T\u00fcrkiye)<br>Do\u00e7. Dr. Kenan Y\u0131ld\u0131z (Medeniyet \u00dcniversitesi, T\u00fcrkiye)<br>Do\u00e7. Dr.. Mariola Antczak (Lodz \u00dcniversitesi, Polanya)<br>Do\u00e7. Dr. Mehlika Karag\u00f6zo\u011flu Asl\u0131y\u00fcksek (Marmara \u00dcniversitesi, T\u00fcrkiye)<br>Do\u00e7. Dr. Mustafa Bayter (Ankara Y\u0131ld\u0131r\u0131m Beyaz\u0131t \u00dcniversitesi, T\u00fcrkiye)<br>Do\u00e7. Dr. Parviz F. Kaz\u0131mi (Bak\u00fc Devlet \u00dcniversitesi, Azerbaycan)<br>Do\u00e7. Dr. Pervin Bezirci (\u0130stanbul \u00dcniversitesi, T\u00fcrkiye)<br>Do\u00e7. Dr. Semanur \u00d6ztemiz (Hacettepe \u00dcniversitesi, T\u00fcrkiye)<br>Do\u00e7. Dr. \u015eahika\u00a0Ero\u011flu (Hacettepe \u00dcniversitesi, T\u00fcrkiye)<br>Do\u00e7. Dr. Tolga \u00c7akmak (Hacettepe \u00dcniversitesi, T\u00fcrkiye)<br>Do\u00e7. Dr. Zehra Ta\u015fk\u0131n (Hacettepe \u00dcniversitesi, T\u00fcrkiye)<br>Dr. \u00d6\u011fr. \u00dcyesi Banu Fulya Y\u0131ld\u0131r\u0131m (\u0130stanbul 29 May\u0131s \u00dcniversitesi, T\u00fcrkiye)<br>Dr. \u00d6\u011fr. \u00dcyesi Berrin Balka\u015f Y\u0131lmaz (\u0130stanbul 29 May\u0131s \u00dcniversitesi, T\u00fcrkiye)<br>Dr. \u00d6\u011fr. \u00dcyesi Buket Candan (\u00c7ank\u0131r\u0131 Karatekin \u00dcniversitesi, T\u00fcrkiye)<br>Dr. \u00d6\u011fr. \u00dcyesi \u00c7a\u011fda\u015f \u00c7apk\u0131n (\u00c7ank\u0131r\u0131 Karatekin \u00dcniversitesi, T\u00fcrkiye)<br>Dr. \u00d6\u011fr. \u00dcyesi Demet I\u015f\u0131k (Ankara \u00dcniversitesi, T\u00fcrkiye)<br>Dr. \u00d6\u011fr. \u00dcyesi Elif Y\u0131lmaz \u015eent\u00fcrk (Marmara \u00dcniversitesi, T\u00fcrkiye)<br>Dr. \u00d6\u011fr. \u00dcyesi Elisaveta Tsetkova (UNIBIT, Bulgaristan)<br>Dr. \u00d6\u011fr. \u00dcyesi Esin Sultan O\u011fuz (Ankara Y\u0131ld\u0131r\u0131m Beyaz\u0131t \u00dcniversitesi, T\u00fcrkiye)<br>Dr. \u00d6\u011fr. \u00dcyesi Esma Fat\u0131ma Bilgin Ta\u015fdemir (\u0130stanbul Medeniyet \u00dcniversitesi, T\u00fcrkiye)<br>Dr. \u00d6\u011fr. \u00dcyesi Gizem G\u00fcltekin-V\u00e1rkonyi (Szeged \u00dcniversitesi, Macaristan)<br>Dr. \u00d6\u011fr. \u00dcyesi Hasan Sevmez (\u00c7ank\u0131r\u0131 Karatekin \u00dcniversitesi, T\u00fcrkiye)<br>Dr. \u00d6\u011fr. \u00dcyesi Lale \u00d6zdemir \u015eahin (Bart\u0131n \u00dcniversitesi, T\u00fcrkiye)<br>Dr. \u00d6\u011fr. \u00dcyesi Levent Kutlut\u00fcrk (\u0130zmir K\u00e2tip \u00c7elebi \u00dcniversitesi, T\u00fcrkiye)<br>Dr. \u00d6\u011fr. \u00dcyesi Mehmet Fahri Furat (\u0130stanbul \u00dcniversitesi, T\u00fcrkiye)<br>Dr. \u00d6\u011fr. \u00dcyesi Mehmet Kemal Sevgisunar (Kastamonu \u00dcniversitesi, T\u00fcrkiye)<br>Dr. \u00d6\u011fr. \u00dcyesi Mithat Baver Zencir (\u0130zmir K\u00e2tip \u00c7elebi \u00dcniversitesi, T\u00fcrkiye)<br>Dr. \u00d6\u011fr. \u00dcyesi Neslihan Er Ko\u00e7o\u011flu (Ankara \u00dcniversitesi, T\u00fcrkiye)<br>Dr. \u00d6\u011fr. \u00dcyesi Nuri Ta\u015fk\u0131n (\u0130stanbul Medeniyet \u00dcniversitesi, T\u00fcrkiye)<br>Dr. \u00d6\u011fr. \u00dcyesi \u00d6mer Dalk\u0131ran (Kastamonu \u00dcniversitesi, T\u00fcrkiye)<br>Dr. \u00d6\u011fr. \u00dcyesi \u00d6zg\u00fcr Polat (\u0130zmir K\u00e2tip \u00c7elebi \u00dcniversitesi, T\u00fcrkiye)<br>Dr. \u00d6\u011fr. \u00dcyesi \u00d6zlem \u015eenyurt (Ardahan \u00dcniversitesi, T\u00fcrkiye)<br>Dr. \u00d6\u011fr. \u00dcyesi S\u00fcmeyye Ak\u00e7a (Marmara \u00dcniversitesi, T\u00fcrkiye)<br>Dr. \u00d6\u011fr. \u00dcyesi Varol Saydam (Marmara \u00dcniversitesi, T\u00fcrkiye)<br>Dr. \u00d6\u011fr. \u00dcyesi Yusuf Yal\u00e7\u0131n (Do\u011fu\u015f \u00dcniversitesi, T\u00fcrkiye)<br>Dr. \u00c1gnes Hajdu Bar\u00e1t (Szeged \u00dcniversitesi, Macaristan)<br>Dr. Albert K. Boekhorst (Pretoria \u00dcniversitesi, G\u00fcney Afrika)<br>Dr. Aleksandra Adzic (Ni\u015f Halk K\u00fct\u00fcphanesi, S\u0131rbistan)<br>Dr. Ana L\u00facia Terra (Oporto Politeknik Enstit\u00fcs\u00fc, Portekiz)<br>Dr. Claudio Gnoli (Pavia \u00dcniversitesi, \u0130talya)<br>Dr. Grzegorz Czapnik (Lodz \u00dcniversitesi, Polanya)<\/p>\n\n\n\n<p>(Liste tam de\u011fil)&#8230;.<\/p>\n\n\n\n<p><\/p>\n","protected":false},"excerpt":{"rendered":"<p>D\u00fczenleyen Kurumlar \u00c7ank\u0131r\u0131 Karatekin \u00dcniversitesi, T\u00fcrkiyeBart\u0131n \u00dcniversitesi, T\u00fcrkiyeKastamonu \u00dcniversitesi, T\u00fcrkiye Onur Kurulu Prof. Dr. Harun \u00c7ift\u00e7i (Rekt\u00f6r\/ \u00c7ank\u0131r\u0131 Karatekin \u00dcniversitesi, T\u00fcrkiye)Prof. Dr. Orhan Uzun (Rekt\u00f6r\/ Bart\u0131n \u00dcniversitesi, T\u00fcrkiye)Prof. Dr. Ahmet Hamdi Topal (Rekt\u00f6r\/ Kastamonu \u00dcniversitesi \u00dcniversitesi, T\u00fcrkiye) Sempozyum Y\u00fcr\u00fctme Kurulu Prof. Dr. Co\u015fkun Polat (\u00c7ank\u0131r\u0131 &hellip; <\/p>\n","protected":false},"author":1,"featured_media":0,"parent":0,"menu_order":0,"comment_status":"closed","ping_status":"closed","template":"","meta":{"footnotes":""},"class_list":["post-36","page","type-page","status-publish","hentry"],"_links":{"self":[{"href":"https:\/\/sempozyum2023.karatekin.edu.tr\/index.php?rest_route=\/wp\/v2\/pages\/36","targetHints":{"allow":["GET"]}}],"collection":[{"href":"https:\/\/sempozyum2023.karatekin.edu.tr\/index.php?rest_route=\/wp\/v2\/pages"}],"about":[{"href":"https:\/\/sempozyum2023.karatekin.edu.tr\/index.php?rest_route=\/wp\/v2\/types\/page"}],"author":[{"embeddable":true,"href":"https:\/\/sempozyum2023.karatekin.edu.tr\/index.php?rest_route=\/wp\/v2\/users\/1"}],"replies":[{"embeddable":true,"href":"https:\/\/sempozyum2023.karatekin.edu.tr\/index.php?rest_route=%2Fwp%2Fv2%2Fcomments&post=36"}],"version-history":[{"count":41,"href":"https:\/\/sempozyum2023.karatekin.edu.tr\/index.php?rest_route=\/wp\/v2\/pages\/36\/revisions"}],"predecessor-version":[{"id":18905,"href":"https:\/\/sempozyum2023.karatekin.edu.tr\/index.php?rest_route=\/wp\/v2\/pages\/36\/revisions\/18905"}],"wp:attachment":[{"href":"https:\/\/sempozyum2023.karatekin.edu.tr\/index.php?rest_route=%2Fwp%2Fv2%2Fmedia&parent=36"}],"curies":[{"name":"wp","href":"https:\/\/api.w.org\/{rel}","templated":true}]}}