{"id":29,"date":"2022-08-03T12:28:20","date_gmt":"2022-08-03T09:28:20","guid":{"rendered":"http:\/\/gelenektengelecegebby.karatekin.edu.tr\/?page_id=29"},"modified":"2023-09-22T15:04:40","modified_gmt":"2023-09-22T12:04:40","slug":"takvim","status":"publish","type":"page","link":"https:\/\/sempozyum2023.karatekin.edu.tr\/?page_id=29","title":{"rendered":"\u00d6nemli Tarihler"},"content":{"rendered":"\n<p><strong>Sempozyum ilan tarihleri<\/strong><br>\u0130lk \u00e7a\u011fr\u0131: <s>29 Ekim 2022<\/s><br>\u0130kinci \u00e7a\u011fr\u0131: <s>16 Ocak 2023<\/s><br>\u00dc\u00e7\u00fcnc\u00fc \u00e7a\u011fr\u0131: <s>3 Nisan 2023<\/s><br>Son \u00e7a\u011fr\u0131: 21 Haziran 2023<\/p>\n\n\n\n<p><\/p>\n\n\n\n<p><strong>\u00d6nemli tarihler<\/strong><br>\u00d6zet Metinlerin G\u00f6nderilmesi i\u00e7in Son Tarih: 24 Temmuz 2023<br>Kabul Edilen \u00d6zetlerin \u0130lan\u0131 : 14 A\u011fustos 2023<br>Bildiri Tam Metinlerinin G\u00f6nderilmesi Son Tarih : <s>11 Eyl\u00fcl 2023<\/s> 2 Ekim 2023 Tarihine kadar uzat\u0131lm\u0131\u015ft\u0131r.<br>Sempozyum Program\u0131n\u0131n \u0130lan\u0131: 25 Eyl\u00fcl 2023 (Program\u0131n ilan\u0131 i\u00e7in tam metinlerin tamamlanmas\u0131 beklenecektir.)<br>Sempozyum Tarihi : 26-28 Ekim 2023<\/p>\n","protected":false},"excerpt":{"rendered":"<p>Sempozyum ilan tarihleri\u0130lk \u00e7a\u011fr\u0131: 29 Ekim 2022\u0130kinci \u00e7a\u011fr\u0131: 16 Ocak 2023\u00dc\u00e7\u00fcnc\u00fc \u00e7a\u011fr\u0131: 3 Nisan 2023Son \u00e7a\u011fr\u0131: 21 Haziran 2023 \u00d6nemli tarihler\u00d6zet Metinlerin G\u00f6nderilmesi i\u00e7in Son Tarih: 24 Temmuz 2023Kabul Edilen \u00d6zetlerin \u0130lan\u0131 : 14 A\u011fustos 2023Bildiri Tam Metinlerinin G\u00f6nderilmesi Son Tarih : 11 Eyl\u00fcl 2023 &hellip; <\/p>\n","protected":false},"author":1,"featured_media":0,"parent":0,"menu_order":0,"comment_status":"closed","ping_status":"closed","template":"","meta":{"footnotes":""},"class_list":["post-29","page","type-page","status-publish","hentry"],"_links":{"self":[{"href":"https:\/\/sempozyum2023.karatekin.edu.tr\/index.php?rest_route=\/wp\/v2\/pages\/29","targetHints":{"allow":["GET"]}}],"collection":[{"href":"https:\/\/sempozyum2023.karatekin.edu.tr\/index.php?rest_route=\/wp\/v2\/pages"}],"about":[{"href":"https:\/\/sempozyum2023.karatekin.edu.tr\/index.php?rest_route=\/wp\/v2\/types\/page"}],"author":[{"embeddable":true,"href":"https:\/\/sempozyum2023.karatekin.edu.tr\/index.php?rest_route=\/wp\/v2\/users\/1"}],"replies":[{"embeddable":true,"href":"https:\/\/sempozyum2023.karatekin.edu.tr\/index.php?rest_route=%2Fwp%2Fv2%2Fcomments&post=29"}],"version-history":[{"count":13,"href":"https:\/\/sempozyum2023.karatekin.edu.tr\/index.php?rest_route=\/wp\/v2\/pages\/29\/revisions"}],"predecessor-version":[{"id":18908,"href":"https:\/\/sempozyum2023.karatekin.edu.tr\/index.php?rest_route=\/wp\/v2\/pages\/29\/revisions\/18908"}],"wp:attachment":[{"href":"https:\/\/sempozyum2023.karatekin.edu.tr\/index.php?rest_route=%2Fwp%2Fv2%2Fmedia&parent=29"}],"curies":[{"name":"wp","href":"https:\/\/api.w.org\/{rel}","templated":true}]}}