{"id":18992,"date":"2023-10-02T15:16:44","date_gmt":"2023-10-02T12:16:44","guid":{"rendered":"https:\/\/sempozyum2023.karatekin.edu.tr\/?page_id=18992"},"modified":"2023-10-09T10:59:38","modified_gmt":"2023-10-09T07:59:38","slug":"konaklama","status":"publish","type":"page","link":"https:\/\/sempozyum2023.karatekin.edu.tr\/?page_id=18992","title":{"rendered":"Konaklama"},"content":{"rendered":"\n<p>De\u011ferli kat\u0131l\u0131mc\u0131lar\u0131m\u0131z, sempozyum i\u00e7in indirim sa\u011flayaca\u011f\u0131n\u0131 bildiren otel ve konaklama yerlerinin ileti\u015fim bilgileri a\u015fa\u011f\u0131da verilmi\u015ftir. <\/p>\n\n\n\n<p>\u0130ndirimden yararlanabilmeniz i\u00e7in otellerle iti\u015fime ge\u00e7ti\u011finizde II. Uluslararas\u0131 Gelenekten Gelece\u011fe Bilgi ve Belge Y\u00f6netimi Sempozyumu etkinli\u011fine kat\u0131laca\u011f\u0131n\u0131z\u0131 belirtmeniz gerekmektedir.<\/p>\n\n\n\n<h4 class=\"wp-block-heading\">Ko\u00e7 Otel<\/h4>\n\n\n\n<p><strong>Telefon:<\/strong> <a href=\"tel: (0376) 212 60 60\">(0376) 212 60 60<\/a><\/p>\n\n\n\n<p><strong>Adres:<\/strong> <a href=\"https:\/\/maps.app.goo.gl\/3Kep1ztMZT9oNHXd6\" target=\"_blank\" rel=\"noreferrer noopener\">Abdulhalik Renda, \u00c7ank\u0131r\u0131 Ankara Karayolu 3 Km, 18000 \u00c7ank\u0131r\u0131 Merkez\/\u00c7ank\u0131r\u0131<\/a><\/p>\n\n\n\n<h4 class=\"wp-block-heading\">\u00c7ank\u0131r\u0131 B\u00fcy\u00fck Otel<\/h4>\n\n\n\n<p><strong>Telefon:<\/strong> <a href=\"tel: (0376) 213 38 39\">(0376) 213 38 39<\/a><\/p>\n\n\n\n<p><strong>Adres:<\/strong> <a rel=\"noreferrer noopener\" href=\"https:\/\/maps.app.goo.gl\/THm9CkqF9kEEw2BS6\" target=\"_blank\">Bu\u011fday Pazar\u0131, No:1, Ankara Cd., 18100 \u00c7ank\u0131r\u0131 Merkez<\/a><\/p>\n\n\n\n<h4 class=\"wp-block-heading\">\u00c7ank\u0131r\u0131 Karatekin \u00dcniversitesi Misafirhanesi<\/h4>\n\n\n\n<p><strong>Telefon:<\/strong> <a href=\"tel: (0376) 212 88 46\">(0376) 212 88 46<\/a><\/p>\n\n\n\n<p><strong>Adres: <\/strong><a href=\"https:\/\/maps.app.goo.gl\/TwF4GgSBU8xfb26b8\">Yeni Mahalle Bademlik Caddesi No:11 &#8211; Merkez\/\u00c7ANKIRI<\/a><\/p>\n\n\n\n<h4 class=\"wp-block-heading\">\u00c7ank\u0131r\u0131 \u00d6\u011fretmenevi<\/h4>\n\n\n\n<p><strong>Telefon:<\/strong> <a href=\"tel: (0376) 213 30 27\">(0376) 213 30 27<\/a><\/p>\n\n\n\n<p><strong>Adres: <\/strong><a rel=\"noreferrer noopener\" href=\"https:\/\/maps.app.goo.gl\/pATevapwpf4FCusYA\" target=\"_blank\">Cumhuriyet Mah. 60. Y\u0131l \u0130\u015fhan\u0131 Kat:4-5 Merkez\/\u00c7ANKIRI<\/a><\/p>\n\n\n\n<h4 class=\"wp-block-heading\">Joyana Otel<\/h4>\n\n\n\n<p><strong>Telefon:<\/strong> <a href=\"tel: (0376) 213 57 57\">(0376) 213 57 57<\/a><\/p>\n\n\n\n<p><strong>Adres:<\/strong> <a rel=\"noreferrer noopener\" href=\"https:\/\/maps.app.goo.gl\/4PPbdGXRt5oQZBew5\" target=\"_blank\">Cumhuriyet, Necip Faz\u0131l K\u0131sak\u00fcrek Sk. No:10, 18100 Merkez\/\u00c7ank\u0131r\u0131<\/a><\/p>\n","protected":false},"excerpt":{"rendered":"<p>De\u011ferli kat\u0131l\u0131mc\u0131lar\u0131m\u0131z, sempozyum i\u00e7in indirim sa\u011flayaca\u011f\u0131n\u0131 bildiren otel ve konaklama yerlerinin ileti\u015fim bilgileri a\u015fa\u011f\u0131da verilmi\u015ftir. \u0130ndirimden yararlanabilmeniz i\u00e7in otellerle iti\u015fime ge\u00e7ti\u011finizde II. Uluslararas\u0131 Gelenekten Gelece\u011fe Bilgi ve Belge Y\u00f6netimi Sempozyumu etkinli\u011fine kat\u0131laca\u011f\u0131n\u0131z\u0131 belirtmeniz gerekmektedir. Ko\u00e7 Otel Telefon: (0376) 212 60 60 Adres: Abdulhalik Renda, \u00c7ank\u0131r\u0131 &hellip; <\/p>\n","protected":false},"author":1,"featured_media":0,"parent":0,"menu_order":0,"comment_status":"closed","ping_status":"closed","template":"","meta":{"footnotes":""},"class_list":["post-18992","page","type-page","status-publish","hentry"],"_links":{"self":[{"href":"https:\/\/sempozyum2023.karatekin.edu.tr\/index.php?rest_route=\/wp\/v2\/pages\/18992","targetHints":{"allow":["GET"]}}],"collection":[{"href":"https:\/\/sempozyum2023.karatekin.edu.tr\/index.php?rest_route=\/wp\/v2\/pages"}],"about":[{"href":"https:\/\/sempozyum2023.karatekin.edu.tr\/index.php?rest_route=\/wp\/v2\/types\/page"}],"author":[{"embeddable":true,"href":"https:\/\/sempozyum2023.karatekin.edu.tr\/index.php?rest_route=\/wp\/v2\/users\/1"}],"replies":[{"embeddable":true,"href":"https:\/\/sempozyum2023.karatekin.edu.tr\/index.php?rest_route=%2Fwp%2Fv2%2Fcomments&post=18992"}],"version-history":[{"count":8,"href":"https:\/\/sempozyum2023.karatekin.edu.tr\/index.php?rest_route=\/wp\/v2\/pages\/18992\/revisions"}],"predecessor-version":[{"id":19318,"href":"https:\/\/sempozyum2023.karatekin.edu.tr\/index.php?rest_route=\/wp\/v2\/pages\/18992\/revisions\/19318"}],"wp:attachment":[{"href":"https:\/\/sempozyum2023.karatekin.edu.tr\/index.php?rest_route=%2Fwp%2Fv2%2Fmedia&parent=18992"}],"curies":[{"name":"wp","href":"https:\/\/api.w.org\/{rel}","templated":true}]}}