{"id":133,"date":"2022-08-03T17:56:31","date_gmt":"2022-08-03T14:56:31","guid":{"rendered":"http:\/\/gelenektengelecegebby.karatekin.edu.tr\/?page_id=133"},"modified":"2023-04-03T15:48:14","modified_gmt":"2023-04-03T12:48:14","slug":"home","status":"publish","type":"page","link":"https:\/\/sempozyum2023.karatekin.edu.tr\/?page_id=133&lang=en","title":{"rendered":"Home"},"content":{"rendered":"\n<div class=\"wp-block-media-text alignwide is-stacked-on-mobile is-vertically-aligned-center\" style=\"grid-template-columns:25% auto\"><figure class=\"wp-block-media-text__media\"><img loading=\"lazy\" decoding=\"async\" width=\"500\" height=\"500\" src=\"https:\/\/sempozyum2023.karatekin.edu.tr\/wp-content\/uploads\/2023\/04\/resim-14.png\" alt=\"\" class=\"wp-image-9011 size-full\" srcset=\"https:\/\/sempozyum2023.karatekin.edu.tr\/wp-content\/uploads\/2023\/04\/resim-14.png 500w, https:\/\/sempozyum2023.karatekin.edu.tr\/wp-content\/uploads\/2023\/04\/resim-14-300x300.png 300w, https:\/\/sempozyum2023.karatekin.edu.tr\/wp-content\/uploads\/2023\/04\/resim-14-150x150.png 150w, https:\/\/sempozyum2023.karatekin.edu.tr\/wp-content\/uploads\/2023\/04\/resim-14-470x470.png 470w\" sizes=\"auto, (max-width: 500px) 100vw, 500px\" \/><\/figure><div class=\"wp-block-media-text__content\">\n<h3 class=\"wp-block-heading has-text-align-center\">2nd International Symposium of Information and Records Management from Tradition to the Future<\/h3>\n\n\n\n<h4 class=\"wp-block-heading has-text-align-center has-medium-font-size\"><em><strong>Data, Information, Informatics and Governance in Development<\/strong><\/em><\/h4>\n\n\n\n<p class=\"has-text-align-center\" style=\"font-size:16px\">October 26-28, 2023 \u00c7ank\u0131r\u0131, Turkey<\/p>\n<\/div><\/div>\n\n\n\n\n\n\n<div class=\"wp-block-buttons is-content-justification-center is-layout-flex wp-container-core-buttons-is-layout-16018d1d wp-block-buttons-is-layout-flex\">\n<div class=\"wp-block-button has-custom-font-size is-style-fill\" style=\"font-size:18px\"><a class=\"wp-block-button__link has-background wp-element-button\" href=\"http:\/\/sempozyum2023.karatekin.edu.tr\/index.php\/en\/calendar\/\" style=\"background:linear-gradient(135deg,rgb(77,140,143) 0%,rgb(85,170,159) 100%)\">Calendar<\/a><\/div>\n\n\n\n<div class=\"wp-block-button has-custom-font-size\" style=\"font-size:18px\"><a class=\"wp-block-button__link has-background wp-element-button\" href=\"http:\/\/sempozyum2023.karatekin.edu.tr\/index.php\/register\/\" style=\"border-radius:100px;background:linear-gradient(135deg,rgb(77,140,143) 0%,rgb(85,170,159) 100%)\">Register<\/a><\/div>\n<\/div>\n","protected":false},"excerpt":{"rendered":"<p>2nd International Symposium of Information and Records Management from Tradition to the Future Data, Information, Informatics and Governance in Development October 26-28, 2023 \u00c7ank\u0131r\u0131, Turkey<\/p>\n","protected":false},"author":1,"featured_media":0,"parent":0,"menu_order":0,"comment_status":"closed","ping_status":"open","template":"","meta":{"footnotes":""},"class_list":["post-133","page","type-page","status-publish","hentry"],"_links":{"self":[{"href":"https:\/\/sempozyum2023.karatekin.edu.tr\/index.php?rest_route=\/wp\/v2\/pages\/133","targetHints":{"allow":["GET"]}}],"collection":[{"href":"https:\/\/sempozyum2023.karatekin.edu.tr\/index.php?rest_route=\/wp\/v2\/pages"}],"about":[{"href":"https:\/\/sempozyum2023.karatekin.edu.tr\/index.php?rest_route=\/wp\/v2\/types\/page"}],"author":[{"embeddable":true,"href":"https:\/\/sempozyum2023.karatekin.edu.tr\/index.php?rest_route=\/wp\/v2\/users\/1"}],"replies":[{"embeddable":true,"href":"https:\/\/sempozyum2023.karatekin.edu.tr\/index.php?rest_route=%2Fwp%2Fv2%2Fcomments&post=133"}],"version-history":[{"count":16,"href":"https:\/\/sempozyum2023.karatekin.edu.tr\/index.php?rest_route=\/wp\/v2\/pages\/133\/revisions"}],"predecessor-version":[{"id":9013,"href":"https:\/\/sempozyum2023.karatekin.edu.tr\/index.php?rest_route=\/wp\/v2\/pages\/133\/revisions\/9013"}],"wp:attachment":[{"href":"https:\/\/sempozyum2023.karatekin.edu.tr\/index.php?rest_route=%2Fwp%2Fv2%2Fmedia&parent=133"}],"curies":[{"name":"wp","href":"https:\/\/api.w.org\/{rel}","templated":true}]}}