{"id":131,"date":"2022-08-03T17:49:55","date_gmt":"2022-08-03T14:49:55","guid":{"rendered":"http:\/\/gelenektengelecegebby.karatekin.edu.tr\/?page_id=131"},"modified":"2023-04-03T10:09:39","modified_gmt":"2023-04-03T07:09:39","slug":"hakkinda","status":"publish","type":"page","link":"https:\/\/sempozyum2023.karatekin.edu.tr\/?page_id=131","title":{"rendered":"Konu Ba\u015fl\u0131klar\u0131"},"content":{"rendered":"\n<p>Bilgi Merkezleri<br>Bilgi y\u00f6netimi<br>Belge y\u00f6netimi<br>Bilgi sistemleri<br>Bilgi toplumu<br>Bilgi politikalar\u0131<br>Y\u00f6netim bilgi sistemleri<br>Elektronik belge y\u00f6netimi<br>Dijital d\u00f6n\u00fc\u015f\u00fcm<br>Ak\u0131ll\u0131 Kentler<br>B\u00fcy\u00fck veri<br>Veri y\u00f6netimi<br>Veri madencili\u011fi<br>Makine \u00f6\u011frenmesi<br>Yapay zeka<br>Bilimsel ileti\u015fim<br>A\u00e7\u0131k bilim \/ A\u00e7\u0131k eri\u015fim<br>Bilgi eri\u015fim<br>Dijital bilgi hizmetleri<br>Bilgi mimarisi<br>Bilginin organizasyonu<br>Ara\u015ft\u0131rma y\u00f6ntemleri<br>Ara\u015ft\u0131rma k\u00fct\u00fcphaneleri ve kalk\u0131nma<br>Halk k\u00fct\u00fcphaneleri ve kalk\u0131nma<br>Bilgi arama davran\u0131\u015f\u0131<br>Dijital okuryazarl\u0131k<br>Elektronik kaynak y\u00f6netimi<br>Bilgi okuryazarl\u0131\u011f\u0131<br>Okul k\u00fct\u00fcphaneleri<br>\u00c7ocuk k\u00fct\u00fcphaneleri<br>Derme y\u00f6netimi<br>Bibliyometri<br>Kurumsal depo<br>K\u00fclt\u00fcrel miras<br>Yenilik\u00e7i yakla\u015f\u0131mlar<br>Kullan\u0131c\u0131 e\u011fitimi<br>Dijital okuma<br>K\u00fct\u00fcphane mimarisi<br>K\u00fct\u00fcphane y\u00f6netimi<br>Kaynak payla\u015f\u0131m\u0131<br>ve<br>Bilgi ve Belge Y\u00f6netimi alan\u0131 kapsam\u0131ndaki di\u011fer konular.<\/p>\n","protected":false},"excerpt":{"rendered":"<p>Bilgi MerkezleriBilgi y\u00f6netimiBelge y\u00f6netimiBilgi sistemleriBilgi toplumuBilgi politikalar\u0131Y\u00f6netim bilgi sistemleriElektronik belge y\u00f6netimiDijital d\u00f6n\u00fc\u015f\u00fcmAk\u0131ll\u0131 KentlerB\u00fcy\u00fck veriVeri y\u00f6netimiVeri madencili\u011fiMakine \u00f6\u011frenmesiYapay zekaBilimsel ileti\u015fimA\u00e7\u0131k bilim \/ A\u00e7\u0131k eri\u015fimBilgi eri\u015fimDijital bilgi hizmetleriBilgi mimarisiBilginin organizasyonuAra\u015ft\u0131rma y\u00f6ntemleriAra\u015ft\u0131rma k\u00fct\u00fcphaneleri ve kalk\u0131nmaHalk k\u00fct\u00fcphaneleri ve kalk\u0131nmaBilgi arama davran\u0131\u015f\u0131Dijital okuryazarl\u0131kElektronik kaynak y\u00f6netimiBilgi okuryazarl\u0131\u011f\u0131Okul k\u00fct\u00fcphaneleri\u00c7ocuk k\u00fct\u00fcphaneleriDerme y\u00f6netimiBibliyometriKurumsal depoK\u00fclt\u00fcrel &hellip; <\/p>\n","protected":false},"author":1,"featured_media":0,"parent":0,"menu_order":0,"comment_status":"closed","ping_status":"open","template":"","meta":{"footnotes":""},"class_list":["post-131","page","type-page","status-publish","hentry"],"_links":{"self":[{"href":"https:\/\/sempozyum2023.karatekin.edu.tr\/index.php?rest_route=\/wp\/v2\/pages\/131","targetHints":{"allow":["GET"]}}],"collection":[{"href":"https:\/\/sempozyum2023.karatekin.edu.tr\/index.php?rest_route=\/wp\/v2\/pages"}],"about":[{"href":"https:\/\/sempozyum2023.karatekin.edu.tr\/index.php?rest_route=\/wp\/v2\/types\/page"}],"author":[{"embeddable":true,"href":"https:\/\/sempozyum2023.karatekin.edu.tr\/index.php?rest_route=\/wp\/v2\/users\/1"}],"replies":[{"embeddable":true,"href":"https:\/\/sempozyum2023.karatekin.edu.tr\/index.php?rest_route=%2Fwp%2Fv2%2Fcomments&post=131"}],"version-history":[{"count":9,"href":"https:\/\/sempozyum2023.karatekin.edu.tr\/index.php?rest_route=\/wp\/v2\/pages\/131\/revisions"}],"predecessor-version":[{"id":8958,"href":"https:\/\/sempozyum2023.karatekin.edu.tr\/index.php?rest_route=\/wp\/v2\/pages\/131\/revisions\/8958"}],"wp:attachment":[{"href":"https:\/\/sempozyum2023.karatekin.edu.tr\/index.php?rest_route=%2Fwp%2Fv2%2Fmedia&parent=131"}],"curies":[{"name":"wp","href":"https:\/\/api.w.org\/{rel}","templated":true}]}}